{"id":1030,"date":"2022-10-27T15:37:03","date_gmt":"2022-10-27T15:37:03","guid":{"rendered":"https:\/\/builty.bslthemes.com\/?page_id=1030"},"modified":"2023-03-20T23:39:37","modified_gmt":"2023-03-20T23:39:37","slug":"servicios","status":"publish","type":"page","link":"https:\/\/consultoriaambientalenoaxaca.com\/?page_id=1030","title":{"rendered":"SERVICIOS"},"content":{"rendered":"\t\t<div data-elementor-type=\"wp-page\" data-elementor-id=\"1030\" class=\"elementor elementor-1030\" data-elementor-post-type=\"page\">\n\t\t\t\t\t\t<section class=\"elementor-section elementor-top-section elementor-element elementor-element-2e0e88a3 elementor-section-boxed elementor-section-height-default elementor-section-height-default\" data-id=\"2e0e88a3\" data-element_type=\"section\" data-e-type=\"section\" id=\"services\" data-settings=\"{&quot;background_background&quot;:&quot;classic&quot;}\">\n\t\t\t\t\t\t<div class=\"elementor-container elementor-column-gap-no\">\n\t\t\t\t\t<div class=\"elementor-column elementor-col-50 elementor-top-column elementor-element elementor-element-59b47367\" data-id=\"59b47367\" data-element_type=\"column\" data-e-type=\"column\">\n\t\t\t<div class=\"elementor-widget-wrap elementor-element-populated\">\n\t\t\t\t\t\t<div class=\"elementor-element elementor-element-24d02025 elementor-position-inline-start elementor-view-stacked elementor-mobile-position-inline-start elementor-shape-circle elementor-invisible elementor-widget elementor-widget-icon-box\" data-id=\"24d02025\" data-element_type=\"widget\" data-e-type=\"widget\" id=\"consultoria_ambiental\" data-settings=\"{&quot;_animation&quot;:&quot;fadeIn&quot;}\" data-widget_type=\"icon-box.default\">\n\t\t\t\t<div class=\"elementor-widget-container\">\n\t\t\t\t\t\t\t<div class=\"elementor-icon-box-wrapper\">\n\n\t\t\t\t\t\t<div class=\"elementor-icon-box-icon\">\n\t\t\t\t<span  class=\"elementor-icon\">\n\t\t\t\t<i aria-hidden=\"true\" class=\"fas fa-check\"><\/i>\t\t\t\t<\/span>\n\t\t\t<\/div>\n\t\t\t\n\t\t\t\t\t\t<div class=\"elementor-icon-box-content\">\n\n\t\t\t\t\t\t\t\t\t<h3 class=\"elementor-icon-box-title\">\n\t\t\t\t\t\t<span  >\n\t\t\t\t\t\t\tConsultor\u00eda Ambiental: \t\t\t\t\t\t<\/span>\n\t\t\t\t\t<\/h3>\n\t\t\t\t\n\t\t\t\t\t\t\t\t\t<p class=\"elementor-icon-box-description\">\n\t\t\t\t\t\tAsesoramiento en materia medioambiental a entidades p\u00fablicas o privadas, incluido el acompa\u00f1amiento en los tr\u00e1mites y la mediaci\u00f3n con la administraci\u00f3n.<br><br>\n\n\u2022\tEstudios de impacto ambiental<br>\n\u2022\tGesti\u00f3n ambiental<br>\n\u2022\tCambio de uso de suelo<br>\n\u2022\tResiduos peligrosos (RP)<br>\n\u2022\tAuditor\u00eda ambiental<br>\n\u2022\tCedula de operaci\u00f3n anual (COA) <br>\n\u2022\tPlan de residuos de manejo especial (RME)<br>\n\u2022\tPlan de manejo de residuos s\u00f3lidos urbanos (RSU)<br>\n\u2022\tLicencia de funcionamiento \t\t\t\t\t<\/p>\n\t\t\t\t\n\t\t\t<\/div>\n\t\t\t\n\t\t<\/div>\n\t\t\t\t\t\t<\/div>\n\t\t\t\t<\/div>\n\t\t\t\t<div class=\"elementor-element elementor-element-db17078 elementor-position-inline-start elementor-view-stacked elementor-mobile-position-inline-start elementor-shape-circle elementor-invisible elementor-widget elementor-widget-icon-box\" data-id=\"db17078\" data-element_type=\"widget\" data-e-type=\"widget\" id=\"derecho_ambiental\" data-settings=\"{&quot;_animation&quot;:&quot;fadeIn&quot;}\" data-widget_type=\"icon-box.default\">\n\t\t\t\t<div class=\"elementor-widget-container\">\n\t\t\t\t\t\t\t<div class=\"elementor-icon-box-wrapper\">\n\n\t\t\t\t\t\t<div class=\"elementor-icon-box-icon\">\n\t\t\t\t<span  class=\"elementor-icon\">\n\t\t\t\t<i aria-hidden=\"true\" class=\"fas fa-check\"><\/i>\t\t\t\t<\/span>\n\t\t\t<\/div>\n\t\t\t\n\t\t\t\t\t\t<div class=\"elementor-icon-box-content\">\n\n\t\t\t\t\t\t\t\t\t<h3 class=\"elementor-icon-box-title\">\n\t\t\t\t\t\t<span  >\n\t\t\t\t\t\t\tDerecho ambiental:\t\t\t\t\t\t<\/span>\n\t\t\t\t\t<\/h3>\n\t\t\t\t\n\t\t\t\t\t\t\t\t\t<p class=\"elementor-icon-box-description\">\n\t\t\t\t\t\tSistema normativo que regula las actividades y comportamientos humanos que pueden da\u00f1ar directa o indirectamente el medio ambiente <br><br>\n\u2022\tLeyes <br>\n\u2022\tNormas oficiales mexicanas en materia ambiental <br>\n\u2022\tConstituci\u00f3n mexicana de los Estados Unidos<br>\t\t\t\t\t<\/p>\n\t\t\t\t\n\t\t\t<\/div>\n\t\t\t\n\t\t<\/div>\n\t\t\t\t\t\t<\/div>\n\t\t\t\t<\/div>\n\t\t\t\t<div class=\"elementor-element elementor-element-f1f42e2 elementor-position-inline-start elementor-view-stacked elementor-mobile-position-inline-start elementor-shape-circle elementor-invisible elementor-widget elementor-widget-icon-box\" data-id=\"f1f42e2\" data-element_type=\"widget\" data-e-type=\"widget\" id=\"biodiversidad_y_conservacon\" data-settings=\"{&quot;_animation&quot;:&quot;fadeIn&quot;}\" data-widget_type=\"icon-box.default\">\n\t\t\t\t<div class=\"elementor-widget-container\">\n\t\t\t\t\t\t\t<div class=\"elementor-icon-box-wrapper\">\n\n\t\t\t\t\t\t<div class=\"elementor-icon-box-icon\">\n\t\t\t\t<span  class=\"elementor-icon\">\n\t\t\t\t<i aria-hidden=\"true\" class=\"fas fa-check\"><\/i>\t\t\t\t<\/span>\n\t\t\t<\/div>\n\t\t\t\n\t\t\t\t\t\t<div class=\"elementor-icon-box-content\">\n\n\t\t\t\t\t\t\t\t\t<h3 class=\"elementor-icon-box-title\">\n\t\t\t\t\t\t<span  >\n\t\t\t\t\t\t\tBiodiversidad y conservaci\u00f3n: \t\t\t\t\t\t<\/span>\n\t\t\t\t\t<\/h3>\n\t\t\t\t\n\t\t\t\t\t\t\t\t\t<p class=\"elementor-icon-box-description\">\n\t\t\t\t\t\t\u2022\tMonitoreo de grandes felinos<br>\n\u2022\tUMAS<br>\n\u2022\tPIMVS<br>\n\u2022\tManejo de especies en cautiverio<br>\n\u2022\tRescate y reubicaci\u00f3n de flora y fauna<br>\n\u2022\tJardines etnobot\u00e1nicos<br>\n\u2022\tCat\u00e1logo de plantas<br>\n\u2022\tInventarios <br>\n\t\t\t\t\t<\/p>\n\t\t\t\t\n\t\t\t<\/div>\n\t\t\t\n\t\t<\/div>\n\t\t\t\t\t\t<\/div>\n\t\t\t\t<\/div>\n\t\t\t\t\t<\/div>\n\t\t<\/div>\n\t\t\t\t<div class=\"elementor-column elementor-col-50 elementor-top-column elementor-element elementor-element-3e14627\" data-id=\"3e14627\" data-element_type=\"column\" data-e-type=\"column\">\n\t\t\t<div class=\"elementor-widget-wrap elementor-element-populated\">\n\t\t\t\t\t\t<div class=\"elementor-element elementor-element-c040d67 elementor-position-inline-start elementor-view-stacked elementor-mobile-position-inline-start elementor-shape-circle elementor-invisible elementor-widget elementor-widget-icon-box\" data-id=\"c040d67\" data-element_type=\"widget\" data-e-type=\"widget\" id=\"ingenieria_ambiental\" data-settings=\"{&quot;_animation&quot;:&quot;fadeIn&quot;}\" data-widget_type=\"icon-box.default\">\n\t\t\t\t<div class=\"elementor-widget-container\">\n\t\t\t\t\t\t\t<div class=\"elementor-icon-box-wrapper\">\n\n\t\t\t\t\t\t<div class=\"elementor-icon-box-icon\">\n\t\t\t\t<span  class=\"elementor-icon\">\n\t\t\t\t<i aria-hidden=\"true\" class=\"fas fa-check\"><\/i>\t\t\t\t<\/span>\n\t\t\t<\/div>\n\t\t\t\n\t\t\t\t\t\t<div class=\"elementor-icon-box-content\">\n\n\t\t\t\t\t\t\t\t\t<h3 class=\"elementor-icon-box-title\">\n\t\t\t\t\t\t<span  >\n\t\t\t\t\t\t\tIngenier\u00eda Ambiental:\t\t\t\t\t\t<\/span>\n\t\t\t\t\t<\/h3>\n\t\t\t\t\n\t\t\t\t\t\t\t\t\t<p class=\"elementor-icon-box-description\">\n\t\t\t\t\t\tDesarrollo e Implementaci\u00f3n de soluciones verdes para el dise\u00f1o y adecuaci\u00f3n ambiental de obras y proyectos.<br><br>\n\u2022\tHidrolog\u00eda <br>\n\u2022\tInfraestructuras e industrias <br>\n\u2022\tSeguimiento ambiental <br>\n\u2022\tEstudios ac\u00fasticos <br>\n\u2022\tRestauraci\u00f3n e integraci\u00f3n paisaj\u00edstica <br>\n\u2022\tPatrimonio hist\u00f3rico <br>\n\u2022\tGeolog\u00eda <br>\n\u2022\tEnerg\u00edas renovables <br>\n\u2022\tProyectos y obras <br>\n\t\t\t\t\t<\/p>\n\t\t\t\t\n\t\t\t<\/div>\n\t\t\t\n\t\t<\/div>\n\t\t\t\t\t\t<\/div>\n\t\t\t\t<\/div>\n\t\t\t\t<div class=\"elementor-element elementor-element-0b4ab11 elementor-position-inline-start elementor-view-stacked elementor-mobile-position-inline-start elementor-shape-circle elementor-invisible elementor-widget elementor-widget-icon-box\" data-id=\"0b4ab11\" data-element_type=\"widget\" data-e-type=\"widget\" id=\"proteccion_civil\" data-settings=\"{&quot;_animation&quot;:&quot;fadeIn&quot;}\" data-widget_type=\"icon-box.default\">\n\t\t\t\t<div class=\"elementor-widget-container\">\n\t\t\t\t\t\t\t<div class=\"elementor-icon-box-wrapper\">\n\n\t\t\t\t\t\t<div class=\"elementor-icon-box-icon\">\n\t\t\t\t<span  class=\"elementor-icon\">\n\t\t\t\t<i aria-hidden=\"true\" class=\"fas fa-check\"><\/i>\t\t\t\t<\/span>\n\t\t\t<\/div>\n\t\t\t\n\t\t\t\t\t\t<div class=\"elementor-icon-box-content\">\n\n\t\t\t\t\t\t\t\t\t<h3 class=\"elementor-icon-box-title\">\n\t\t\t\t\t\t<span  >\n\t\t\t\t\t\t\tProtecci\u00f3n civil: \t\t\t\t\t\t<\/span>\n\t\t\t\t\t<\/h3>\n\t\t\t\t\n\t\t\t\t\t\t\t\t\t<p class=\"elementor-icon-box-description\">\n\t\t\t\t\t\tPropiciar la Gesti\u00f3n integral de riesgos y medidas de prevenci\u00f3n y mitigaci\u00f3n ante desastres.<br><br>\n\u2022\tSimulacros<br>\n\u2022\tTalleres de primeros auxilios <br>\n\u2022\tCapacitaci\u00f3n personal ante alg\u00fan desastre <br>\n\u2022\tPlanes de emergencias <br>\n\u2022\tProgramas internos de protecci\u00f3n civil<br>\n\t\t\t\t\t<\/p>\n\t\t\t\t\n\t\t\t<\/div>\n\t\t\t\n\t\t<\/div>\n\t\t\t\t\t\t<\/div>\n\t\t\t\t<\/div>\n\t\t\t\t<div class=\"elementor-element elementor-element-0acfb2a elementor-position-inline-start elementor-view-stacked elementor-mobile-position-inline-start elementor-shape-circle elementor-invisible elementor-widget elementor-widget-icon-box\" data-id=\"0acfb2a\" data-element_type=\"widget\" data-e-type=\"widget\" id=\"laboratorio\" data-settings=\"{&quot;_animation&quot;:&quot;fadeIn&quot;}\" data-widget_type=\"icon-box.default\">\n\t\t\t\t<div class=\"elementor-widget-container\">\n\t\t\t\t\t\t\t<div class=\"elementor-icon-box-wrapper\">\n\n\t\t\t\t\t\t<div class=\"elementor-icon-box-icon\">\n\t\t\t\t<span  class=\"elementor-icon\">\n\t\t\t\t<i aria-hidden=\"true\" class=\"fas fa-check\"><\/i>\t\t\t\t<\/span>\n\t\t\t<\/div>\n\t\t\t\n\t\t\t\t\t\t<div class=\"elementor-icon-box-content\">\n\n\t\t\t\t\t\t\t\t\t<h3 class=\"elementor-icon-box-title\">\n\t\t\t\t\t\t<span  >\n\t\t\t\t\t\t\tLaboratorio: \t\t\t\t\t\t<\/span>\n\t\t\t\t\t<\/h3>\n\t\t\t\t\n\t\t\t\t\t\t\t\t\t<p class=\"elementor-icon-box-description\">\n\t\t\t\t\t\t\u00c1rea donde se mantienen las muestras de contaminantes ambientales en agua, aire y suelo, para llevar a cabo su estudio mediante t\u00e9cnicas anal\u00edticas seg\u00fan la normatividad ambiental y con ayuda de aparatos y equipos calibrados.<br><br>\n\u2022\tCalidad de agua superficial y residual \nNOM-001-SEMARNAT-2021\nNOM-002-SEMARNAT\nNOM-003-SEMARNAT\nNOM-127-SSA1-2021\nNOM-179-SSA1-2020\n<br><br>\n\u2022\tCalidad de aire \nNOM-172-SEMARNAT-2019\nNOM-022-SSA1-2010\nNOM-023-SSA1-1993\nNOM-021-SSA1-1993\nNOM-026-SSA1-1993\n<br><br>\n\u2022\tCalidad de suelo \nNOM-020-SEMARNAT-2001\nNOM-023-SEMARNAT-2001\nNOM-138-SEMARNAT\/SSA1-2012\nNOM-147-SEMARNAT\/SSA1-2004\n\t\t\t\t\t<\/p>\n\t\t\t\t\n\t\t\t<\/div>\n\t\t\t\n\t\t<\/div>\n\t\t\t\t\t\t<\/div>\n\t\t\t\t<\/div>\n\t\t\t\t\t<\/div>\n\t\t<\/div>\n\t\t\t\t\t<\/div>\n\t\t<\/section>\n\t\t\t\t<section class=\"elementor-section elementor-top-section elementor-element elementor-element-62b0f84 elementor-section-full_width elementor-section-height-default elementor-section-height-default\" data-id=\"62b0f84\" data-element_type=\"section\" data-e-type=\"section\">\n\t\t\t\t\t\t<div class=\"elementor-container elementor-column-gap-no\">\n\t\t\t\t\t<div class=\"elementor-column elementor-col-100 elementor-top-column elementor-element elementor-element-a912d67\" data-id=\"a912d67\" data-element_type=\"column\" data-e-type=\"column\">\n\t\t\t<div class=\"elementor-widget-wrap elementor-element-populated\">\n\t\t\t\t\t\t<div class=\"elementor-element elementor-element-4ae6e10 elementor-widget elementor-widget-builty-cta\" data-id=\"4ae6e10\" data-element_type=\"widget\" data-e-type=\"widget\" data-widget_type=\"builty-cta.default\">\n\t\t\t\t<div class=\"elementor-widget-container\">\n\t\t\t\t\t\n\t\t<!-- CTA Section Start -->\n\t  <section class=\"cta-section\">\n\t    <div class=\"container\">\n\t      <div class=\"row align-items-center\">\n\t        <div class=\"col-lg-7\">\n\t          <div class=\"cta-data\">\n\t\t\t\t\t\t\t\t\t\t\t\t\t\t<h2>\n\t\t\t\t\t\t\t\t<span >\n                  \u00a1Trabajemos juntos!                <\/span>\n\t\t\t\t\t\t\t<\/h2>\n\t\t\t\t\t\t\t\t\t\t\t\t\t\t\t\t\t\t\t\t\t<div >\n                <p>\u00bfEst\u00e1 buscando un socio confiable o est\u00e1s buscando dar soluciones a tus problemas en tu empresa? Estamos seguros de que podemos ayudarte<\/p>              <\/div>\n\t\t\t\t\t\t\t\t\t\t\t\t\t\t\t\t\t\t\t\t\t<a href=\"\/contact\/\" class=\"theme-btn\">\n\t\t\t\t\t\t\t\t<span >\n\t\t\t\t\t\t\t\t\tCont\u00e1ctanos\t\t\t\t\t\t\t\t<\/span>\n\t\t\t\t\t\t\t\t<i class=\"fas fa-angle-double-right\"><\/i>\n\t\t\t\t\t\t\t<\/a>\n\t\t\t\t\t\t\t\n\t          <\/div>\n\t        <\/div>\n\t        <div class=\"col-lg-5\" >\n\t          <div class=\"cta-data\">\n\t\t\t\t\t\t\t\t            <figure>\n\t              <img decoding=\"async\" src=\"https:\/\/consultoriaambientalenoaxaca.com\/wp-content\/uploads\/2022\/09\/building-2.png\" alt=\"\u00a1Trabajemos juntos!\" \/>\n\t            <\/figure>\n\t\t\t\t\t\t\t\t          <\/div>\n\t        <\/div>\n\t      <\/div>\n\t    <\/div>\n\t  <\/section>\n\t  <!-- CTA Section End -->\n\n\t\t\t\t\t\t<\/div>\n\t\t\t\t<\/div>\n\t\t\t\t\t<\/div>\n\t\t<\/div>\n\t\t\t\t\t<\/div>\n\t\t<\/section>\n\t\t\t\t<\/div>\n\t\t","protected":false},"excerpt":{"rendered":"<p>Consultor\u00eda Ambiental: Asesoramiento en materia medioambiental a entidades p\u00fablicas o privadas, incluido el acompa\u00f1amiento en los tr\u00e1mites y la mediaci\u00f3n.. <span class=\"read-more\"><a href=\"https:\/\/consultoriaambientalenoaxaca.com\/?page_id=1030\" class=\"theme-btn\"><span>Read more<\/span><i class=\"fas fa-angle-double-right\"><\/i><\/a><\/span><\/p>\n","protected":false},"author":1,"featured_media":0,"parent":0,"menu_order":0,"comment_status":"closed","ping_status":"closed","template":"template-layout-builder.php","meta":{"_monsterinsights_skip_tracking":false,"_monsterinsights_sitenote_active":false,"_monsterinsights_sitenote_note":"","_monsterinsights_sitenote_category":0,"footnotes":""},"class_list":["post-1030","page","type-page","status-publish","hentry"],"acf":[],"aioseo_notices":[],"_links":{"self":[{"href":"https:\/\/consultoriaambientalenoaxaca.com\/index.php?rest_route=\/wp\/v2\/pages\/1030","targetHints":{"allow":["GET"]}}],"collection":[{"href":"https:\/\/consultoriaambientalenoaxaca.com\/index.php?rest_route=\/wp\/v2\/pages"}],"about":[{"href":"https:\/\/consultoriaambientalenoaxaca.com\/index.php?rest_route=\/wp\/v2\/types\/page"}],"author":[{"embeddable":true,"href":"https:\/\/consultoriaambientalenoaxaca.com\/index.php?rest_route=\/wp\/v2\/users\/1"}],"replies":[{"embeddable":true,"href":"https:\/\/consultoriaambientalenoaxaca.com\/index.php?rest_route=%2Fwp%2Fv2%2Fcomments&post=1030"}],"version-history":[{"count":83,"href":"https:\/\/consultoriaambientalenoaxaca.com\/index.php?rest_route=\/wp\/v2\/pages\/1030\/revisions"}],"predecessor-version":[{"id":2518,"href":"https:\/\/consultoriaambientalenoaxaca.com\/index.php?rest_route=\/wp\/v2\/pages\/1030\/revisions\/2518"}],"wp:attachment":[{"href":"https:\/\/consultoriaambientalenoaxaca.com\/index.php?rest_route=%2Fwp%2Fv2%2Fmedia&parent=1030"}],"curies":[{"name":"wp","href":"https:\/\/api.w.org\/{rel}","templated":true}]}}